{"id":5664,"date":"2024-03-14T11:41:25","date_gmt":"2024-03-14T14:41:25","guid":{"rendered":"https:\/\/creationorguyane.com\/?post_type=product&#038;p=5664"},"modified":"2025-10-14T12:20:04","modified_gmt":"2025-10-14T15:20:04","slug":"chaine-de-cheville-elephant-avec-coeur","status":"publish","type":"product","link":"https:\/\/creationorguyane.com\/?product=chaine-de-cheville-elephant-avec-coeur","title":{"rendered":"Chaine de cheville \u00e9l\u00e9phant avec coeur"},"content":{"rendered":"<p>Chaine de cheville \u00e9l\u00e9phant avec coeur<\/p>\n","protected":false},"excerpt":{"rendered":"<p>Or jaune 18 carats 750\/1000<\/p>\n<p>Longueur : 21 cm<\/p>\n<p>Poids :<\/p>\n<p>&nbsp;<\/p>\n","protected":false},"featured_media":5471,"template":"","meta":{"_crdt_document":"","_uag_custom_page_level_css":"","_exactmetrics_skip_tracking":false,"_exactmetrics_sitenote_active":false,"_exactmetrics_sitenote_note":"","_exactmetrics_sitenote_category":0,"site-sidebar-layout":"default","site-content-layout":"","ast-site-content-layout":"default","site-content-style":"default","site-sidebar-style":"default","ast-global-header-display":"","ast-banner-title-visibility":"","ast-main-header-display":"","ast-hfb-above-header-display":"","ast-hfb-below-header-display":"","ast-hfb-mobile-header-display":"","site-post-title":"","ast-breadcrumbs-content":"","ast-featured-img":"","footer-sml-layout":"","theme-transparent-header-meta":"default","adv-header-id-meta":"","stick-header-meta":"","header-above-stick-meta":"","header-main-stick-meta":"","header-below-stick-meta":"","astra-migrate-meta-layouts":"set","ast-page-background-enabled":"default","ast-page-background-meta":{"desktop":{"background-color":"","background-image":"","background-repeat":"repeat","background-position":"center center","background-size":"auto","background-attachment":"scroll","background-type":"","background-media":"","overlay-type":"","overlay-color":"","overlay-opacity":"","overlay-gradient":""},"tablet":{"background-color":"","background-image":"","background-repeat":"repeat","background-position":"center center","background-size":"auto","background-attachment":"scroll","background-type":"","background-media":"","overlay-type":"","overlay-color":"","overlay-opacity":"","overlay-gradient":""},"mobile":{"background-color":"","background-image":"","background-repeat":"repeat","background-position":"center center","background-size":"auto","background-attachment":"scroll","background-type":"","background-media":"","overlay-type":"","overlay-color":"","overlay-opacity":"","overlay-gradient":""}},"ast-content-background-meta":{"desktop":{"background-color":"var(--ast-global-color-5)","background-image":"","background-repeat":"repeat","background-position":"center center","background-size":"auto","background-attachment":"scroll","background-type":"","background-media":"","overlay-type":"","overlay-color":"","overlay-opacity":"","overlay-gradient":""},"tablet":{"background-color":"var(--ast-global-color-5)","background-image":"","background-repeat":"repeat","background-position":"center center","background-size":"auto","background-attachment":"scroll","background-type":"","background-media":"","overlay-type":"","overlay-color":"","overlay-opacity":"","overlay-gradient":""},"mobile":{"background-color":"var(--ast-global-color-5)","background-image":"","background-repeat":"repeat","background-position":"center center","background-size":"auto","background-attachment":"scroll","background-type":"","background-media":"","overlay-type":"","overlay-color":"","overlay-opacity":"","overlay-gradient":""}},"advanced_seo_description":"","jetpack_seo_html_title":"","jetpack_seo_noindex":false,"jetpack_publicize_message":"","jetpack_publicize_feature_enabled":true,"jetpack_social_post_already_shared":true,"jetpack_social_options":{"image_generator_settings":{"template":"highway","default_image_id":0,"font":"","enabled":false},"version":2},"_wpas_customize_per_network":false},"product_brand":[],"product_cat":[6353],"product_tag":[],"class_list":{"0":"post-5664","1":"product","2":"type-product","3":"status-publish","4":"has-post-thumbnail","6":"product_cat-chaine-de-chevilles","7":"desktop-align-center","8":"tablet-align-left","9":"mobile-align-left","11":"first","12":"instock","13":"shipping-taxable","14":"purchasable","15":"product-type-simple"},"jetpack_publicize_connections":[],"uagb_featured_image_src":{"full":["https:\/\/i0.wp.com\/creationorguyane.com\/wp-content\/uploads\/2024\/03\/DSC07843-rotated.jpg?fit=4000%2C6000&ssl=1",4000,6000,false],"thumbnail":["https:\/\/i0.wp.com\/creationorguyane.com\/wp-content\/uploads\/2024\/03\/DSC07843-rotated.jpg?resize=150%2C150&ssl=1",150,150,true],"medium":["https:\/\/i0.wp.com\/creationorguyane.com\/wp-content\/uploads\/2024\/03\/DSC07843-rotated.jpg?fit=200%2C300&ssl=1",200,300,true],"medium_large":["https:\/\/i0.wp.com\/creationorguyane.com\/wp-content\/uploads\/2024\/03\/DSC07843-rotated.jpg?fit=768%2C1152&ssl=1",768,1152,true],"large":["https:\/\/i0.wp.com\/creationorguyane.com\/wp-content\/uploads\/2024\/03\/DSC07843-rotated.jpg?fit=683%2C1024&ssl=1",683,1024,true],"1536x1536":["https:\/\/i0.wp.com\/creationorguyane.com\/wp-content\/uploads\/2024\/03\/DSC07843-rotated.jpg?fit=1024%2C1536&ssl=1",1024,1536,true],"2048x2048":["https:\/\/i0.wp.com\/creationorguyane.com\/wp-content\/uploads\/2024\/03\/DSC07843-rotated.jpg?fit=1365%2C2048&ssl=1",1365,2048,true],"newspack-article-block-landscape-large":["https:\/\/i0.wp.com\/creationorguyane.com\/wp-content\/uploads\/2024\/03\/DSC07843-rotated.jpg?resize=1200%2C900&ssl=1",1200,900,true],"newspack-article-block-portrait-large":["https:\/\/i0.wp.com\/creationorguyane.com\/wp-content\/uploads\/2024\/03\/DSC07843-rotated.jpg?resize=900%2C1200&ssl=1",900,1200,true],"newspack-article-block-square-large":["https:\/\/i0.wp.com\/creationorguyane.com\/wp-content\/uploads\/2024\/03\/DSC07843-rotated.jpg?resize=1200%2C1200&ssl=1",1200,1200,true],"newspack-article-block-landscape-medium":["https:\/\/i0.wp.com\/creationorguyane.com\/wp-content\/uploads\/2024\/03\/DSC07843-rotated.jpg?resize=800%2C600&ssl=1",800,600,true],"newspack-article-block-portrait-medium":["https:\/\/i0.wp.com\/creationorguyane.com\/wp-content\/uploads\/2024\/03\/DSC07843-rotated.jpg?resize=600%2C800&ssl=1",600,800,true],"newspack-article-block-square-medium":["https:\/\/i0.wp.com\/creationorguyane.com\/wp-content\/uploads\/2024\/03\/DSC07843-rotated.jpg?resize=800%2C800&ssl=1",800,800,true],"newspack-article-block-landscape-intermediate":["https:\/\/i0.wp.com\/creationorguyane.com\/wp-content\/uploads\/2024\/03\/DSC07843-rotated.jpg?resize=600%2C450&ssl=1",600,450,true],"newspack-article-block-portrait-intermediate":["https:\/\/i0.wp.com\/creationorguyane.com\/wp-content\/uploads\/2024\/03\/DSC07843-rotated.jpg?resize=450%2C600&ssl=1",450,600,true],"newspack-article-block-square-intermediate":["https:\/\/i0.wp.com\/creationorguyane.com\/wp-content\/uploads\/2024\/03\/DSC07843-rotated.jpg?resize=600%2C600&ssl=1",600,600,true],"newspack-article-block-landscape-small":["https:\/\/i0.wp.com\/creationorguyane.com\/wp-content\/uploads\/2024\/03\/DSC07843-rotated.jpg?resize=400%2C300&ssl=1",400,300,true],"newspack-article-block-portrait-small":["https:\/\/i0.wp.com\/creationorguyane.com\/wp-content\/uploads\/2024\/03\/DSC07843-rotated.jpg?resize=300%2C400&ssl=1",300,400,true],"newspack-article-block-square-small":["https:\/\/i0.wp.com\/creationorguyane.com\/wp-content\/uploads\/2024\/03\/DSC07843-rotated.jpg?resize=400%2C400&ssl=1",400,400,true],"newspack-article-block-landscape-tiny":["https:\/\/i0.wp.com\/creationorguyane.com\/wp-content\/uploads\/2024\/03\/DSC07843-rotated.jpg?resize=200%2C150&ssl=1",200,150,true],"newspack-article-block-portrait-tiny":["https:\/\/i0.wp.com\/creationorguyane.com\/wp-content\/uploads\/2024\/03\/DSC07843-rotated.jpg?resize=150%2C200&ssl=1",150,200,true],"newspack-article-block-square-tiny":["https:\/\/i0.wp.com\/creationorguyane.com\/wp-content\/uploads\/2024\/03\/DSC07843-rotated.jpg?resize=200%2C200&ssl=1",200,200,true],"newspack-article-block-uncropped":["https:\/\/i0.wp.com\/creationorguyane.com\/wp-content\/uploads\/2024\/03\/DSC07843-rotated.jpg?fit=1200%2C1800&ssl=1",1200,1800,true],"woocommerce_thumbnail":["https:\/\/i0.wp.com\/creationorguyane.com\/wp-content\/uploads\/2024\/03\/DSC07843-rotated.jpg?resize=117%2C117&ssl=1",117,117,true],"woocommerce_single":["https:\/\/i0.wp.com\/creationorguyane.com\/wp-content\/uploads\/2024\/03\/DSC07843-rotated.jpg?fit=600%2C900&ssl=1",600,900,true],"woocommerce_gallery_thumbnail":["https:\/\/i0.wp.com\/creationorguyane.com\/wp-content\/uploads\/2024\/03\/DSC07843-rotated.jpg?resize=100%2C100&ssl=1",100,100,true]},"uagb_author_info":{"display_name":"creationorguyane973","author_link":"https:\/\/creationorguyane.com\/?author=0"},"uagb_comment_info":0,"uagb_excerpt":"Or jaune 18 carats 750\/1000 Longueur : 21 cm Poids : &nbsp;","jetpack_likes_enabled":true,"jetpack_sharing_enabled":true,"_links":{"self":[{"href":"https:\/\/creationorguyane.com\/index.php?rest_route=\/wp\/v2\/product\/5664","targetHints":{"allow":["GET"]}}],"collection":[{"href":"https:\/\/creationorguyane.com\/index.php?rest_route=\/wp\/v2\/product"}],"about":[{"href":"https:\/\/creationorguyane.com\/index.php?rest_route=\/wp\/v2\/types\/product"}],"wp:featuredmedia":[{"embeddable":true,"href":"https:\/\/creationorguyane.com\/index.php?rest_route=\/wp\/v2\/media\/5471"}],"wp:attachment":[{"href":"https:\/\/creationorguyane.com\/index.php?rest_route=%2Fwp%2Fv2%2Fmedia&parent=5664"}],"wp:term":[{"taxonomy":"product_brand","embeddable":true,"href":"https:\/\/creationorguyane.com\/index.php?rest_route=%2Fwp%2Fv2%2Fproduct_brand&post=5664"},{"taxonomy":"product_cat","embeddable":true,"href":"https:\/\/creationorguyane.com\/index.php?rest_route=%2Fwp%2Fv2%2Fproduct_cat&post=5664"},{"taxonomy":"product_tag","embeddable":true,"href":"https:\/\/creationorguyane.com\/index.php?rest_route=%2Fwp%2Fv2%2Fproduct_tag&post=5664"}],"curies":[{"name":"wp","href":"https:\/\/api.w.org\/{rel}","templated":true}]}}